{"id":2,"date":"2019-01-20T03:48:21","date_gmt":"2019-01-20T03:48:21","guid":{"rendered":"http:\/\/audioreptile.de\/?page_id=2"},"modified":"2019-01-22T10:30:28","modified_gmt":"2019-01-22T10:30:28","slug":"sample-page","status":"publish","type":"page","link":"http:\/\/audioreptile.de\/?page_id=2","title":{"rendered":"about"},"content":{"rendered":"<p>audioreptile.de\u00a0 \u00a0 \u00a0 \u00a0entstand aus der Idee heraus, auch ambitionierten Laiench\u00f6ren und -Orchestern die M\u00f6glichkeit zu er\u00f6ffnen, ihre Konzerte mit h\u00f6chstm\u00f6glicher Qualit\u00e4t zu konservieren und so das Resultat oft monatelanger Probenarbeit festzuhalten.<\/p>\n<p>Was f\u00fcr professionelle Ensembles l\u00e4ngst selbstverst\u00e4ndlich ist, stellt f\u00fcr Laien immer noch eine H\u00fcrde dar. Es fehlt an Equipment: Mikrofone, Stative, Kabel Computer, Misch- und Masteringsoftware sind teuer. Und selbst wenn all diese materiellen Voraussetzungen irgendwie vorhanden sind, ist da noch eine zweite H\u00fcrde: das Know How. Falsch platzierte Mikrofone oder eine nicht richtig konfigurierte DAW machen eine Aufnahme unbrauchbar oder hinterlassen im Extremfall nur einen leeren Ordner auf der Festplatte. Das spart zwar Platz, tr\u00fcbt aber das H\u00f6rvergn\u00fcgen.<\/p>\n<p>Und sollte zuf\u00e4llig die Aufnahme gelungen sein, sind ausgepr\u00e4gte musiktheoretische und praktische Kenntnisse gefragt, auf selektives H\u00f6ren geschulte Ohren und viel Fingerspitzengef\u00fchl, um die aufgenommenen Spuren zu einem Gesamtklangbild zusammen zu f\u00fcgen. Ohne technisches Wissen geht es hier auch nicht: Womit ver\u00e4ndere ich welchen Klangparameter, um das Bestm\u00f6gliche aus der Aufnahme heraus zu holen?<\/p>\n<p>audioreptile.de\u00a0 \u00a0 \u00a0 \u00a0b\u00fcndelt musikalisches und technisches Wissen und langj\u00e4hrige Erfahrung und sollte deshalb Ihre erste Wahl f\u00fcr Recording, Mischung und Mastering Ihres Konzertes sein.<\/p>\n","protected":false},"excerpt":{"rendered":"<p>audioreptile.de\u00a0 \u00a0 \u00a0 \u00a0entstand aus der Idee heraus, auch ambitionierten Laiench\u00f6ren und -Orchestern die M\u00f6glichkeit zu er\u00f6ffnen, ihre Konzerte mit h\u00f6chstm\u00f6glicher Qualit\u00e4t zu konservieren und&#8230;<\/p>\n<div class=\"more-link-wrapper\"><a class=\"more-link\" href=\"http:\/\/audioreptile.de\/?page_id=2\">mehr<span class=\"screen-reader-text\">about<\/span><\/a><\/div>\n","protected":false},"author":1,"featured_media":0,"parent":0,"menu_order":1,"comment_status":"closed","ping_status":"closed","template":"","meta":[],"_links":{"self":[{"href":"http:\/\/audioreptile.de\/index.php?rest_route=\/wp\/v2\/pages\/2"}],"collection":[{"href":"http:\/\/audioreptile.de\/index.php?rest_route=\/wp\/v2\/pages"}],"about":[{"href":"http:\/\/audioreptile.de\/index.php?rest_route=\/wp\/v2\/types\/page"}],"author":[{"embeddable":true,"href":"http:\/\/audioreptile.de\/index.php?rest_route=\/wp\/v2\/users\/1"}],"replies":[{"embeddable":true,"href":"http:\/\/audioreptile.de\/index.php?rest_route=%2Fwp%2Fv2%2Fcomments&post=2"}],"version-history":[{"count":8,"href":"http:\/\/audioreptile.de\/index.php?rest_route=\/wp\/v2\/pages\/2\/revisions"}],"predecessor-version":[{"id":105,"href":"http:\/\/audioreptile.de\/index.php?rest_route=\/wp\/v2\/pages\/2\/revisions\/105"}],"wp:attachment":[{"href":"http:\/\/audioreptile.de\/index.php?rest_route=%2Fwp%2Fv2%2Fmedia&parent=2"}],"curies":[{"name":"wp","href":"https:\/\/api.w.org\/{rel}","templated":true}]}}